{"id":1830,"date":"2024-07-04T17:37:59","date_gmt":"2024-07-04T20:37:59","guid":{"rendered":"https:\/\/patagoniatroutoutfitters.com\/?page_id=1830"},"modified":"2025-06-05T20:34:13","modified_gmt":"2025-06-05T23:34:13","slug":"hosted-trips","status":"publish","type":"page","link":"https:\/\/patagoniatroutoutfitters.com\/es\/hosted-trips\/","title":{"rendered":"Viajes Organizados"},"content":{"rendered":"<section class=\"l-section wpb_row content-about-hero-desktop height_auto color_primary with_img parallax_hor bgwidth_110\"><div class=\"l-section-img\" role=\"img\" aria-label=\"Imagen\" data-img-width=\"1500\" data-img-height=\"1000\" style=\"background-image: url(https:\/\/patagoniatroutoutfitters.com\/wp-content\/uploads\/2025\/06\/hostedtrip.jpg);\"><\/div><div class=\"l-section-overlay\" style=\"background:rgba(2,2,2,0.00)\"><\/div><div class=\"l-section-h i-cf\"><div class=\"g-cols vc_row via_flex valign_middle type_default stacking_default\"><div class=\"vc_col-sm-12 vc_hidden-xs wpb_column vc_column_container\"><div class=\"vc_column-inner us_custom_1e59306e\"><div class=\"wpb_wrapper\"><h2 class=\"w-post-elm post_title align_center entry-title color_link_inherit\">Viajes Organizados<\/h2><div class=\"w-separator size_small\"><\/div><div class=\"w-iconbox iconpos_top style_default color_custom align_center no_text no_title\"><a href=\"#intro\" class=\"w-iconbox-link\" aria-label=\"far|chevron-down\"><div class=\"w-iconbox-icon\" style=\"font-size:3rem;--icon-color:#ffffff;\"><i class=\"far fa-chevron-down\"><\/i><\/div><\/a><div class=\"w-iconbox-meta\"><\/div><\/div><div class=\"w-separator size_medium\"><\/div><\/div><\/div><\/div><\/div><\/div><\/section><section class=\"l-section wpb_row us_custom_c4b6a784 height_auto color_primary with_img\"><div class=\"l-section-img\" role=\"img\" aria-label=\"Imagen\" data-img-width=\"1500\" data-img-height=\"1000\" style=\"background-image: url(https:\/\/patagoniatroutoutfitters.com\/wp-content\/uploads\/2025\/06\/hostedtrip.jpg);background-repeat: no-repeat;\"><\/div><div class=\"l-section-overlay\" style=\"background:rgba(2,2,2,0.00)\"><\/div><div class=\"l-section-h i-cf\"><div class=\"g-cols vc_row via_flex valign_bottom type_default stacking_default\"><div class=\"vc_col-sm-12 vc_hidden-lg vc_hidden-md vc_hidden-sm wpb_column vc_column_container\"><div class=\"vc_column-inner\"><div class=\"wpb_wrapper\"><h2 class=\"w-post-elm post_title align_center entry-title color_link_inherit\">Viajes Organizados<\/h2><div class=\"w-separator size_small\"><\/div><div class=\"w-iconbox iconpos_top style_default color_custom align_center no_text no_title\"><a href=\"#intro\" class=\"w-iconbox-link\" aria-label=\"far|chevron-down\"><div class=\"w-iconbox-icon\" style=\"font-size:3rem;--icon-color:#ffffff;\"><i class=\"far fa-chevron-down\"><\/i><\/div><\/a><div class=\"w-iconbox-meta\"><\/div><\/div><div class=\"w-separator size_medium\"><\/div><\/div><\/div><\/div><\/div><\/div><\/section><section class=\"l-section wpb_row height_medium\" id=\"jero\"><div class=\"l-section-overlay\" style=\"background:#ffffff\"><\/div><div class=\"l-section-h i-cf\"><div class=\"g-cols vc_row via_flex valign_middle type_default reversed stacking_default\"><div class=\"vc_col-sm-2 wpb_column vc_column_container\"><div class=\"vc_column-inner\"><div class=\"wpb_wrapper\"><\/div><\/div><\/div><div class=\"vc_col-sm-8 wpb_column vc_column_container\"><div class=\"vc_column-inner\"><div class=\"wpb_wrapper\"><div class=\"w-image align_center\"><div class=\"w-image-h\"><img decoding=\"async\" width=\"150\" height=\"150\" src=\"https:\/\/patagoniatroutoutfitters.com\/wp-content\/uploads\/2020\/07\/pt_home_logo-seccion-1.svg\" class=\"attachment-thumbnail size-thumbnail\" alt=\"\" loading=\"lazy\" \/><\/div><\/div><div class=\"w-separator size_medium\"><\/div><div class=\"wpb_text_column\"><div class=\"wpb_wrapper\"><p style=\"text-align: center;\">Si formas parte de la industria de la pesca con mosca, te invitamos a trabajar con nosotros en la organizaci\u00f3n de tus propios grupos. Es una excelente oportunidad para aprovechar al m\u00e1ximo el tiempo de inactividad entre temporadas y fomentar una conexi\u00f3n \u00fanica con los clientes.<\/p>\n<p style=\"text-align: center;\">En Patagonia Trout Outfitters, alentamos activamente a gu\u00edas, propietarios de Fly Shops y otros miembros de la comunidad de pesca con mosca a formar grupos y disfrutar de una semana fant\u00e1stica con nosotros!<\/p>\n<\/div><\/div><div class=\"w-separator size_medium with_line width_default thick_2 style_solid color_border align_center\"><div class=\"w-separator-h\"><\/div><\/div><div class=\"wpb_text_column\"><div class=\"wpb_wrapper\"><h4 style=\"text-align: center;\"><strong>RESERVA TU PR\u00d3XIMO VIAJE<\/strong><\/h4>\n<p style=\"text-align: center;\">Jero: <a href=\"tel:+54 9 2945 534311\">+54 9 2945 534311<\/a><\/p>\n<p style=\"text-align: center;\">Mail: <a href=\"mailto:info@patagoniatroutoutfitters.com\">info@patagoniatroutoutfitters.com<\/a><\/p>\n<\/div><\/div><\/div><\/div><\/div><div class=\"vc_col-sm-2 wpb_column vc_column_container\"><div class=\"vc_column-inner\"><div class=\"wpb_wrapper\"><\/div><\/div><\/div><\/div><\/div><\/section>\n","protected":false},"excerpt":{"rendered":"Viajes OrganizadosViajes Organizados Si formas parte de la industria de la pesca con mosca, te invitamos a trabajar con nosotros en la organizaci\u00f3n de tus propios grupos. Es una excelente oportunidad para aprovechar al m\u00e1ximo el tiempo de inactividad entre temporadas y fomentar una conexi\u00f3n \u00fanica con los clientes. En Patagonia Trout Outfitters, alentamos activamente...","protected":false},"author":1,"featured_media":0,"parent":0,"menu_order":0,"comment_status":"closed","ping_status":"closed","template":"","meta":{"footnotes":""},"class_list":["post-1830","page","type-page","status-publish","hentry"],"yoast_head":"<!-- This site is optimized with the Yoast SEO plugin v27.3 - https:\/\/yoast.com\/product\/yoast-seo-wordpress\/ -->\n<title>Viajes Organizados - Patagonia Trout<\/title>\n<meta name=\"description\" content=\"Una familia Patag\u00f3nica: Natacha y Jer\u00f3nimo se conocieron en 2007, se casaron en 2013 y ahora tienen dos peque\u00f1as hijas, Naomi y Zoe. Desde el 2007 son due\u00f1os de Adrenalina Frames, empresa de fabricaci\u00f3n de frames de aluminio para balsas de pesca con mosca y rafting. Despu\u00e9s de muchos a\u00f1os de experiencia en el turismo crearon Patagonia Trout.\" \/>\n<meta name=\"robots\" content=\"index, follow, max-snippet:-1, max-image-preview:large, max-video-preview:-1\" \/>\n<link rel=\"canonical\" href=\"https:\/\/patagoniatroutoutfitters.com\/es\/hosted-trips\/\" \/>\n<meta property=\"og:locale\" content=\"es_ES\" \/>\n<meta property=\"og:type\" content=\"article\" \/>\n<meta property=\"og:title\" content=\"Viajes Organizados - Patagonia Trout\" \/>\n<meta property=\"og:description\" content=\"Una familia Patag\u00f3nica: Natacha y Jer\u00f3nimo se conocieron en 2007, se casaron en 2013 y ahora tienen dos peque\u00f1as hijas, Naomi y Zoe. Desde el 2007 son due\u00f1os de Adrenalina Frames, empresa de fabricaci\u00f3n de frames de aluminio para balsas de pesca con mosca y rafting. Despu\u00e9s de muchos a\u00f1os de experiencia en el turismo crearon Patagonia Trout.\" \/>\n<meta property=\"og:url\" content=\"https:\/\/patagoniatroutoutfitters.com\/es\/hosted-trips\/\" \/>\n<meta property=\"og:site_name\" content=\"Patagonia Trout\" \/>\n<meta property=\"article:modified_time\" content=\"2025-06-05T23:34:13+00:00\" \/>\n<meta name=\"twitter:card\" content=\"summary_large_image\" \/>\n<meta name=\"twitter:label1\" content=\"Tiempo de lectura\" \/>\n\t<meta name=\"twitter:data1\" content=\"2 minutos\" \/>\n<script type=\"application\/ld+json\" class=\"yoast-schema-graph\">{\"@context\":\"https:\\\/\\\/schema.org\",\"@graph\":[{\"@type\":\"WebPage\",\"@id\":\"https:\\\/\\\/patagoniatroutoutfitters.com\\\/es\\\/hosted-trips\\\/\",\"url\":\"https:\\\/\\\/patagoniatroutoutfitters.com\\\/es\\\/hosted-trips\\\/\",\"name\":\"Viajes Organizados - Patagonia Trout\",\"isPartOf\":{\"@id\":\"https:\\\/\\\/patagoniatroutoutfitters.com\\\/#website\"},\"datePublished\":\"2024-07-04T20:37:59+00:00\",\"dateModified\":\"2025-06-05T23:34:13+00:00\",\"description\":\"Una familia Patag\u00f3nica: Natacha y Jer\u00f3nimo se conocieron en 2007, se casaron en 2013 y ahora tienen dos peque\u00f1as hijas, Naomi y Zoe. Desde el 2007 son due\u00f1os de Adrenalina Frames, empresa de fabricaci\u00f3n de frames de aluminio para balsas de pesca con mosca y rafting. Despu\u00e9s de muchos a\u00f1os de experiencia en el turismo crearon Patagonia Trout.\",\"breadcrumb\":{\"@id\":\"https:\\\/\\\/patagoniatroutoutfitters.com\\\/es\\\/hosted-trips\\\/#breadcrumb\"},\"inLanguage\":\"es\",\"potentialAction\":[{\"@type\":\"ReadAction\",\"target\":[\"https:\\\/\\\/patagoniatroutoutfitters.com\\\/es\\\/hosted-trips\\\/\"]}]},{\"@type\":\"BreadcrumbList\",\"@id\":\"https:\\\/\\\/patagoniatroutoutfitters.com\\\/es\\\/hosted-trips\\\/#breadcrumb\",\"itemListElement\":[{\"@type\":\"ListItem\",\"position\":1,\"name\":\"Home\",\"item\":\"https:\\\/\\\/patagoniatroutoutfitters.com\\\/es\\\/\"},{\"@type\":\"ListItem\",\"position\":2,\"name\":\"Viajes Organizados\"}]},{\"@type\":\"WebSite\",\"@id\":\"https:\\\/\\\/patagoniatroutoutfitters.com\\\/#website\",\"url\":\"https:\\\/\\\/patagoniatroutoutfitters.com\\\/\",\"name\":\"Patagonia Trout\",\"description\":\"\",\"potentialAction\":[{\"@type\":\"SearchAction\",\"target\":{\"@type\":\"EntryPoint\",\"urlTemplate\":\"https:\\\/\\\/patagoniatroutoutfitters.com\\\/?s={search_term_string}\"},\"query-input\":{\"@type\":\"PropertyValueSpecification\",\"valueRequired\":true,\"valueName\":\"search_term_string\"}}],\"inLanguage\":\"es\"}]}<\/script>\n<!-- \/ Yoast SEO plugin. -->","yoast_head_json":{"title":"Viajes Organizados - Patagonia Trout","description":"Una familia Patag\u00f3nica: Natacha y Jer\u00f3nimo se conocieron en 2007, se casaron en 2013 y ahora tienen dos peque\u00f1as hijas, Naomi y Zoe. Desde el 2007 son due\u00f1os de Adrenalina Frames, empresa de fabricaci\u00f3n de frames de aluminio para balsas de pesca con mosca y rafting. Despu\u00e9s de muchos a\u00f1os de experiencia en el turismo crearon Patagonia Trout.","robots":{"index":"index","follow":"follow","max-snippet":"max-snippet:-1","max-image-preview":"max-image-preview:large","max-video-preview":"max-video-preview:-1"},"canonical":"https:\/\/patagoniatroutoutfitters.com\/es\/hosted-trips\/","og_locale":"es_ES","og_type":"article","og_title":"Viajes Organizados - Patagonia Trout","og_description":"Una familia Patag\u00f3nica: Natacha y Jer\u00f3nimo se conocieron en 2007, se casaron en 2013 y ahora tienen dos peque\u00f1as hijas, Naomi y Zoe. Desde el 2007 son due\u00f1os de Adrenalina Frames, empresa de fabricaci\u00f3n de frames de aluminio para balsas de pesca con mosca y rafting. Despu\u00e9s de muchos a\u00f1os de experiencia en el turismo crearon Patagonia Trout.","og_url":"https:\/\/patagoniatroutoutfitters.com\/es\/hosted-trips\/","og_site_name":"Patagonia Trout","article_modified_time":"2025-06-05T23:34:13+00:00","twitter_card":"summary_large_image","twitter_misc":{"Tiempo de lectura":"2 minutos"},"schema":{"@context":"https:\/\/schema.org","@graph":[{"@type":"WebPage","@id":"https:\/\/patagoniatroutoutfitters.com\/es\/hosted-trips\/","url":"https:\/\/patagoniatroutoutfitters.com\/es\/hosted-trips\/","name":"Viajes Organizados - Patagonia Trout","isPartOf":{"@id":"https:\/\/patagoniatroutoutfitters.com\/#website"},"datePublished":"2024-07-04T20:37:59+00:00","dateModified":"2025-06-05T23:34:13+00:00","description":"Una familia Patag\u00f3nica: Natacha y Jer\u00f3nimo se conocieron en 2007, se casaron en 2013 y ahora tienen dos peque\u00f1as hijas, Naomi y Zoe. Desde el 2007 son due\u00f1os de Adrenalina Frames, empresa de fabricaci\u00f3n de frames de aluminio para balsas de pesca con mosca y rafting. Despu\u00e9s de muchos a\u00f1os de experiencia en el turismo crearon Patagonia Trout.","breadcrumb":{"@id":"https:\/\/patagoniatroutoutfitters.com\/es\/hosted-trips\/#breadcrumb"},"inLanguage":"es","potentialAction":[{"@type":"ReadAction","target":["https:\/\/patagoniatroutoutfitters.com\/es\/hosted-trips\/"]}]},{"@type":"BreadcrumbList","@id":"https:\/\/patagoniatroutoutfitters.com\/es\/hosted-trips\/#breadcrumb","itemListElement":[{"@type":"ListItem","position":1,"name":"Home","item":"https:\/\/patagoniatroutoutfitters.com\/es\/"},{"@type":"ListItem","position":2,"name":"Viajes Organizados"}]},{"@type":"WebSite","@id":"https:\/\/patagoniatroutoutfitters.com\/#website","url":"https:\/\/patagoniatroutoutfitters.com\/","name":"Patagonia Trout","description":"","potentialAction":[{"@type":"SearchAction","target":{"@type":"EntryPoint","urlTemplate":"https:\/\/patagoniatroutoutfitters.com\/?s={search_term_string}"},"query-input":{"@type":"PropertyValueSpecification","valueRequired":true,"valueName":"search_term_string"}}],"inLanguage":"es"}]}},"_links":{"self":[{"href":"https:\/\/patagoniatroutoutfitters.com\/es\/wp-json\/wp\/v2\/pages\/1830","targetHints":{"allow":["GET"]}}],"collection":[{"href":"https:\/\/patagoniatroutoutfitters.com\/es\/wp-json\/wp\/v2\/pages"}],"about":[{"href":"https:\/\/patagoniatroutoutfitters.com\/es\/wp-json\/wp\/v2\/types\/page"}],"author":[{"embeddable":true,"href":"https:\/\/patagoniatroutoutfitters.com\/es\/wp-json\/wp\/v2\/users\/1"}],"replies":[{"embeddable":true,"href":"https:\/\/patagoniatroutoutfitters.com\/es\/wp-json\/wp\/v2\/comments?post=1830"}],"version-history":[{"count":10,"href":"https:\/\/patagoniatroutoutfitters.com\/es\/wp-json\/wp\/v2\/pages\/1830\/revisions"}],"predecessor-version":[{"id":2094,"href":"https:\/\/patagoniatroutoutfitters.com\/es\/wp-json\/wp\/v2\/pages\/1830\/revisions\/2094"}],"wp:attachment":[{"href":"https:\/\/patagoniatroutoutfitters.com\/es\/wp-json\/wp\/v2\/media?parent=1830"}],"curies":[{"name":"wp","href":"https:\/\/api.w.org\/{rel}","templated":true}]}}