{"id":2246,"date":"2025-07-18T15:57:45","date_gmt":"2025-07-18T18:57:45","guid":{"rendered":"https:\/\/patagoniatroutoutfitters.com\/?page_id=2246"},"modified":"2025-07-24T18:04:22","modified_gmt":"2025-07-24T21:04:22","slug":"faqs","status":"publish","type":"page","link":"https:\/\/patagoniatroutoutfitters.com\/es\/faqs\/","title":{"rendered":"FAQs"},"content":{"rendered":"<section class=\"l-section wpb_row content-about-hero-desktop height_auto color_primary with_img parallax_hor bgwidth_110\"><div class=\"l-section-img\" role=\"img\" aria-label=\"Imagen\" data-img-width=\"1297\" data-img-height=\"730\" style=\"background-image: url(https:\/\/patagoniatroutoutfitters.com\/wp-content\/uploads\/2025\/07\/faq.jpg);\"><\/div><div class=\"l-section-overlay\" style=\"background:rgba(2,2,2,0.00)\"><\/div><div class=\"l-section-h i-cf\"><div class=\"g-cols vc_row via_flex valign_middle type_default stacking_default\"><div class=\"vc_col-sm-12 vc_hidden-xs wpb_column vc_column_container\"><div class=\"vc_column-inner us_custom_1e59306e\"><div class=\"wpb_wrapper\"><h2 class=\"w-post-elm post_title align_center entry-title color_link_inherit\">FAQs<\/h2><div class=\"w-separator size_small\"><\/div><div class=\"w-iconbox iconpos_top style_default color_custom align_center no_text no_title\"><a href=\"#intro\" class=\"w-iconbox-link\" aria-label=\"far|chevron-down\"><div class=\"w-iconbox-icon\" style=\"font-size:3rem;--icon-color:#ffffff;\"><i class=\"far fa-chevron-down\"><\/i><\/div><\/a><div class=\"w-iconbox-meta\"><\/div><\/div><div class=\"w-separator size_medium\"><\/div><\/div><\/div><\/div><\/div><\/div><\/section><section class=\"l-section wpb_row us_custom_c4b6a784 height_auto color_primary with_img\"><div class=\"l-section-img\" role=\"img\" aria-label=\"Imagen\" data-img-width=\"1297\" data-img-height=\"730\" style=\"background-image: url(https:\/\/patagoniatroutoutfitters.com\/wp-content\/uploads\/2025\/07\/faq.jpg);background-repeat: no-repeat;\"><\/div><div class=\"l-section-overlay\" style=\"background:rgba(2,2,2,0.00)\"><\/div><div class=\"l-section-h i-cf\"><div class=\"g-cols vc_row via_flex valign_bottom type_default stacking_default\"><div class=\"vc_col-sm-12 vc_hidden-lg vc_hidden-md vc_hidden-sm wpb_column vc_column_container\"><div class=\"vc_column-inner\"><div class=\"wpb_wrapper\"><h2 class=\"w-post-elm post_title align_center entry-title color_link_inherit\">FAQs<\/h2><div class=\"w-separator size_small\"><\/div><div class=\"w-iconbox iconpos_top style_default color_custom align_center no_text no_title\"><a href=\"#intro\" class=\"w-iconbox-link\" aria-label=\"far|chevron-down\"><div class=\"w-iconbox-icon\" style=\"font-size:3rem;--icon-color:#ffffff;\"><i class=\"far fa-chevron-down\"><\/i><\/div><\/a><div class=\"w-iconbox-meta\"><\/div><\/div><div class=\"w-separator size_medium\"><\/div><\/div><\/div><\/div><\/div><\/div><\/section><section class=\"l-section wpb_row us_custom_4fb9e5a3 height_medium\" id=\"jero\"><div class=\"l-section-overlay\" style=\"background:#ffffff\"><\/div><div class=\"l-section-h i-cf\"><div class=\"g-cols vc_row via_flex valign_middle type_default reversed stacking_default\"><div class=\"vc_col-sm-2 wpb_column vc_column_container\"><div class=\"vc_column-inner\"><div class=\"wpb_wrapper\"><\/div><\/div><\/div><div class=\"vc_col-sm-8 wpb_column vc_column_container\"><div class=\"vc_column-inner\"><div class=\"wpb_wrapper\"><div class=\"wpb_text_column\"><div class=\"wpb_wrapper\"><h1 style=\"text-align: center;\">Preguntas Frecuentes<\/h1>\n<\/div><\/div><\/div><\/div><\/div><div class=\"vc_col-sm-2 wpb_column vc_column_container\"><div class=\"vc_column-inner\"><div class=\"wpb_wrapper\"><\/div><\/div><\/div><\/div><\/div><\/section><section class=\"l-section wpb_row us_custom_4edece6e height_medium\"><div class=\"l-section-overlay\" style=\"background:#ffffff\"><\/div><div class=\"l-section-h i-cf\"><div class=\"g-cols vc_row via_flex valign_top type_default stacking_default\"><div class=\"vc_col-sm-12 wpb_column vc_column_container\"><div class=\"vc_column-inner\"><div class=\"wpb_wrapper\"><div class=\"wpb_text_column\"><div class=\"wpb_wrapper\"><style>#sp-ea-2248 .spcollapsing { height: 0; overflow: hidden; transition-property: height;transition-duration: 300ms;}#sp-ea-2248.sp-easy-accordion>.sp-ea-single {margin-bottom: 10px; border: 1px solid #e2e2e2; }#sp-ea-2248.sp-easy-accordion>.sp-ea-single>.ea-header a {color: #ffffff;}#sp-ea-2248.sp-easy-accordion>.sp-ea-single>.sp-collapse>.ea-body {background: #fff; color: #444;}#sp-ea-2248.sp-easy-accordion>.sp-ea-single {background: #3b3d20;}#sp-ea-2248.sp-easy-accordion>.sp-ea-single>.ea-header a .ea-expand-icon { float: left; color: #ffffff;font-size: 18px;}<\/style><div id=\"sp_easy_accordion-1752848824\"><div id=\"sp-ea-2248\" class=\"sp-ea-one sp-easy-accordion\" data-ea-active=\"ea-click\" data-ea-mode=\"vertical\" data-preloader=\"\" data-scroll-active-item=\"\" data-offset-to-scroll=\"0\"><div class=\"ea-card ea-expand sp-ea-single\"><h3 class=\"ea-header\"><a class=\"collapsed\" id=\"ea-header-22480\" role=\"button\" data-sptoggle=\"spcollapse\" data-sptarget=\"#collapse22480\" aria-controls=\"collapse22480\" href=\"#\" aria-expanded=\"true\" tabindex=\"0\"><i aria-hidden=\"true\" role=\"presentation\" class=\"ea-expand-icon eap-icon-ea-expand-minus\"><\/i> \u00bfHAY TEMPORADA DE PESCA CON MOSCA EN LA PATAGONIA?<\/a><\/h3><div class=\"sp-collapse spcollapse collapsed show\" id=\"collapse22480\" data-parent=\"#sp-ea-2248\" role=\"region\" aria-labelledby=\"ea-header-22480\"> <div class=\"ea-body\"><p class=\"p1\">S\u00ed, pero en\u00a0<b>Patagonia Trout Outfitters nuestra temporada nunca se detien!<\/b>.<br \/>Si bien algunos r\u00edos espec\u00edficos pueden cerrarse temporalmente para proteger el desove de las truchas, nuestra ubicaci\u00f3n privilegiada y la variedad de ambientes que manejamos nos permiten operar\u00a0<b>todo el a\u00f1o<\/b>, ofreciendo pesca de primer nivel en sistemas que rotan seg\u00fan la temporada. Incluso en invierno, ciertos r\u00edos permanecen abiertos, cristalinos y muy productivos.<\/p><p class=\"p1\">Ya sea que est\u00e9s buscando truchas marrones en marzo, pescando con secas en enero o con streamers en julio \u2014 siempre hay un r\u00edo esper\u00e1ndote.<\/p><\/div><\/div><\/div><div class=\"ea-card sp-ea-single\"><h3 class=\"ea-header\"><a class=\"collapsed\" id=\"ea-header-22481\" role=\"button\" data-sptoggle=\"spcollapse\" data-sptarget=\"#collapse22481\" aria-controls=\"collapse22481\" href=\"#\" aria-expanded=\"false\" tabindex=\"0\"><i aria-hidden=\"true\" role=\"presentation\" class=\"ea-expand-icon eap-icon-ea-expand-plus\"><\/i> \ud83c\udf38 PRIMAVERA EN LA PATAGONIA<\/a><\/h3><div class=\"sp-collapse spcollapse \" id=\"collapse22481\" data-parent=\"#sp-ea-2248\" role=\"region\" aria-labelledby=\"ea-header-22481\"> <div class=\"ea-body\"><p class=\"p1\"><b>(Septiembre a Noviembre)<\/b><br \/><i>El renacer de los Andes. Salvaje. Colorido. Inexplorado.<\/i><i><\/i><\/p><p class=\"p2\"><span class=\"s1\">\ud83c\udfa3<\/span><b> Lo mejor de la pesca:<\/b><\/p><ul class=\"ul1\"><li class=\"li1\">Truchas activas y agresivas tras el letargo invernal<\/li><li class=\"li1\">Pesca con streamers y tandem (seca + ninfa) en r\u00edos y lagos<\/li><li class=\"li1\">R\u00edos con buen caudal pero transparentes \u2014 ideales para l\u00edneas de hundimiento y moscas grandes<\/li><\/ul><p class=\"p2\"><span class=\"s1\">\ud83c\udf3b<\/span><b> Aventuras complementarias:<\/b><\/p><ul class=\"ul1\"><li class=\"li1\"><b>Campos de tulipanes en Trevelin (oct-nov)<\/b>\u00a0\u2013 Un espect\u00e1culo visual inolvidable<\/li><li class=\"li1\"><b>Ciclismo de monta\u00f1a<\/b>\u00a0por senderos abiertos y bosques de lenga<\/li><li class=\"li1\">Visitas a artesanos, fotograf\u00eda de naturaleza y experiencias culturales con poco turismo<\/li><\/ul><\/div><\/div><\/div><div class=\"ea-card sp-ea-single\"><h3 class=\"ea-header\"><a class=\"collapsed\" id=\"ea-header-22482\" role=\"button\" data-sptoggle=\"spcollapse\" data-sptarget=\"#collapse22482\" aria-controls=\"collapse22482\" href=\"#\" aria-expanded=\"false\" tabindex=\"0\"><i aria-hidden=\"true\" role=\"presentation\" class=\"ea-expand-icon eap-icon-ea-expand-plus\"><\/i> \u2600\ufe0f VERANO EN LA PATAGONIA<\/a><\/h3><div class=\"sp-collapse spcollapse \" id=\"collapse22482\" data-parent=\"#sp-ea-2248\" role=\"region\" aria-labelledby=\"ea-header-22482\"> <div class=\"ea-body\"><p class=\"p1\"><b>(Diciembre a Marzo)<\/b><br \/><i>Aire c\u00e1lido, d\u00edas largos, truchas en superficie.<\/i><i><\/i><\/p><p class=\"p2\"><span class=\"s1\">\ud83c\udfa3<\/span><b> Lo mejor de la pesca:<\/b><\/p><ul class=\"ul1\"><li class=\"li1\">Temporada alta de pesca con mosca seca, llena de acci\u00f3n con insectos terrestres<\/li><li class=\"li1\">Ideal para vadear y flotar un r\u00edo distinto cada d\u00eda<\/li><li class=\"li1\">Visibilidad excelente y muchas oportunidades de pescar a pez visto.<\/li><\/ul><p class=\"p2\"><span class=\"s1\">\u2600\ufe0f<\/span><b> Aventuras complementarias:<\/b><\/p><ul class=\"ul1\"><li class=\"li1\"><b>Caza de codorniz californiana<\/b>\u00a0con gu\u00edas expertos y perros de caza<\/li><li class=\"li1\">Rafting, kayak y paddleboard en lagos de origen glaciar<\/li><li class=\"li1\">Almuerzos en vi\u00f1edos y experiencias durante la cosecha temprana<\/li><\/ul><\/div><\/div><\/div><div class=\"ea-card sp-ea-single\"><h3 class=\"ea-header\"><a class=\"collapsed\" id=\"ea-header-22483\" role=\"button\" data-sptoggle=\"spcollapse\" data-sptarget=\"#collapse22483\" aria-controls=\"collapse22483\" href=\"#\" aria-expanded=\"false\" tabindex=\"0\"><i aria-hidden=\"true\" role=\"presentation\" class=\"ea-expand-icon eap-icon-ea-expand-plus\"><\/i> \ud83c\udf42 OTO\u00d1O EN LA PATAGONIA<\/a><\/h3><div class=\"sp-collapse spcollapse \" id=\"collapse22483\" data-parent=\"#sp-ea-2248\" role=\"region\" aria-labelledby=\"ea-header-22483\"> <div class=\"ea-body\"><p class=\"p1\"><b>(Marzo a Mayo)<\/b><br \/><i>Menos gente. M\u00e1s color. Truchas m\u00e1s grandes.<\/i><i><\/i><\/p><p class=\"p2\"><span class=\"s1\">\ud83c\udfa3<\/span><b> Lo mejor de la pesca:<\/b><\/p><ul class=\"ul1\"><li class=\"li1\">Truchas marrones y fontinalis en movimiento hacia sus zonas de desove<\/li><li class=\"li1\">Pesca con streamers en correderas profundas y pozones<\/li><li class=\"li1\">Momentos de pesca con mosca seca por la tarde con eclosiones de ef\u00edmeras y escarabajos<\/li><\/ul><p class=\"p2\"><span class=\"s1\">\ud83c\udf41<\/span><b> Aventuras complementarias:<\/b><\/p><ul class=\"ul1\"><li class=\"li1\"><b>Temporada de brama del ciervo colorado<\/b>\u00a0en su punto m\u00e1ximo<\/li><li class=\"li1\">Contin\u00faa la temporada de caza de codorniz y patos<\/li><li class=\"li1\">Fotograf\u00eda de follaje oto\u00f1al y visitas a bodegas en plena vendimia<\/li><\/ul><\/div><\/div><\/div><div class=\"ea-card sp-ea-single\"><h3 class=\"ea-header\"><a class=\"collapsed\" id=\"ea-header-22484\" role=\"button\" data-sptoggle=\"spcollapse\" data-sptarget=\"#collapse22484\" aria-controls=\"collapse22484\" href=\"#\" aria-expanded=\"false\" tabindex=\"0\"><i aria-hidden=\"true\" role=\"presentation\" class=\"ea-expand-icon eap-icon-ea-expand-plus\"><\/i> \u2744\ufe0f INVIERNO EN LA PATAGONIA<\/a><\/h3><div class=\"sp-collapse spcollapse \" id=\"collapse22484\" data-parent=\"#sp-ea-2248\" role=\"region\" aria-labelledby=\"ea-header-22484\"> <div class=\"ea-body\"><p class=\"p1\"><span class=\"s1\">\ud83c\udfa3<\/span><b> Lo mejor de la pesca:<\/b><\/p><ul class=\"ul1\"><li class=\"li2\"><b>R\u00edos y spring creeks seleccionados<\/b>\u00a0permanecen abiertos todo el a\u00f1o<\/li><li class=\"li2\">Flujos claros, estables y con muy baja presi\u00f3n de pesca<\/li><li class=\"li2\">Muy buena pesca con streamers y ninfas<\/li><li class=\"li2\">Ventanas c\u00e1lidas al mediod\u00eda ideales para salidas guiadas m\u00e1s cortas<\/li><li class=\"li2\">Equipos, embarcaciones y servicio completo disponibles<\/li><\/ul><p class=\"p2\"><i>Nuestros r\u00edos no se congelan, y nuestra pasi\u00f3n por la pesca tampoco.<\/i><i><\/i><\/p><p class=\"p1\"><span class=\"s1\">\u2744\ufe0f<\/span><b> Aventuras complementarias:<\/b><\/p><ul class=\"ul1\"><li class=\"li2\"><b>Esqu\u00ed de traves\u00eda y splitboard<\/b>\u00a0en valles inexplorados<\/li><li class=\"li2\"><b>Esqu\u00ed alpino tradicional en el Cerro La Hoya<\/b>, a solo 90 min de nuestro lodge en Trevelin<\/li><li class=\"li2\">Programas organizados de\u00a0<b>ski &amp; stay<\/b>\u00a0con alojamiento en Esquel<\/li><li class=\"li2\">Vida de lodge acogedora: vino, chimenea, atado de moscas y cocina gourmet<\/li><\/ul><\/div><\/div><\/div><div class=\"ea-card sp-ea-single\"><h3 class=\"ea-header\"><a class=\"collapsed\" id=\"ea-header-22485\" role=\"button\" data-sptoggle=\"spcollapse\" data-sptarget=\"#collapse22485\" aria-controls=\"collapse22485\" href=\"#\" aria-expanded=\"false\" tabindex=\"0\"><i aria-hidden=\"true\" role=\"presentation\" class=\"ea-expand-icon eap-icon-ea-expand-plus\"><\/i> \ud83d\udd00 PROGRAMAS COMBINADOS Y MULTIDESTINO<\/a><\/h3><div class=\"sp-collapse spcollapse \" id=\"collapse22485\" data-parent=\"#sp-ea-2248\" role=\"region\" aria-labelledby=\"ea-header-22485\"> <div class=\"ea-body\"><p class=\"p1\"><i>Pescar, cazar, esquiar y explorar. A trav\u00e9s de ecosistemas. A trav\u00e9s de Argentina.<\/i><i><\/i><\/p><p class=\"p1\">Nos especializamos en dise\u00f1ar\u00a0<b>itinerarios a medida<\/b>\u00a0que combinan m\u00faltiples experiencias y locaciones en un solo viaje fluido. Gracias a socios de confianza en todo el pa\u00eds, pod\u00e9s combinar tu aventura en Patagonia con:<\/p><ul class=\"ul1\"><li class=\"li1\"><b>Pesca de dorado<\/b>\u00a0en r\u00edos selv\u00e1ticos del norte argentino<\/li><li class=\"li1\"><b>Caza de ciervo colorado o jabal\u00ed<\/b>\u00a0en la regi\u00f3n pampeana<\/li><li class=\"li1\"><b>Caza de palomas de alto volumen<\/b>\u00a0en el norte<\/li><li class=\"li1\">Extensiones culturales o enogastron\u00f3micas en Mendoza o Salta<\/li><\/ul><p class=\"p1\">Ya seas un pescador en busca de nuevas especies o un viajero en busca de una aventura total, dise\u00f1aremos un programa que se ajuste a tu visi\u00f3n.<\/p><\/div><\/div><\/div><div class=\"ea-card sp-ea-single\"><h3 class=\"ea-header\"><a class=\"collapsed\" id=\"ea-header-22486\" role=\"button\" data-sptoggle=\"spcollapse\" data-sptarget=\"#collapse22486\" aria-controls=\"collapse22486\" href=\"#\" aria-expanded=\"false\" tabindex=\"0\"><i aria-hidden=\"true\" role=\"presentation\" class=\"ea-expand-icon eap-icon-ea-expand-plus\"><\/i> \u2708\ufe0f \u00bfC\u00d3MO LLEGAR?<\/a><\/h3><div class=\"sp-collapse spcollapse \" id=\"collapse22486\" data-parent=\"#sp-ea-2248\" role=\"region\" aria-labelledby=\"ea-header-22486\"> <div class=\"ea-body\"><p class=\"p1\">La mayor\u00eda de los viajeros vuelan a\u00a0<b>Buenos Aires<\/b>, y desde all\u00ed toman un vuelo dom\u00e9stico a:<\/p><ul class=\"ul1\"><li class=\"li1\"><b>Esquel (EQS)<\/b>\u00a0\u2013 el aeropuerto m\u00e1s cercano a nuestro lodge en Trevelin<\/li><li class=\"li1\"><b>Bariloche (BRC)<\/b>\u00a0\u2013 ideal para programas combinados de esqu\u00ed o lagos<\/li><\/ul><p class=\"p1\">Nos encargamos de todos los traslados, ya sea desde una estancia privada, un lodge o tu hotel en Buenos Aires.<\/p><\/div><\/div><\/div><div class=\"ea-card sp-ea-single\"><h3 class=\"ea-header\"><a class=\"collapsed\" id=\"ea-header-22487\" role=\"button\" data-sptoggle=\"spcollapse\" data-sptarget=\"#collapse22487\" aria-controls=\"collapse22487\" href=\"#\" aria-expanded=\"false\" tabindex=\"0\"><i aria-hidden=\"true\" role=\"presentation\" class=\"ea-expand-icon eap-icon-ea-expand-plus\"><\/i> \ud83d\udcbc \u00bfPOCO TIEMPO?<\/a><\/h3><div class=\"sp-collapse spcollapse \" id=\"collapse22487\" data-parent=\"#sp-ea-2248\" role=\"region\" aria-labelledby=\"ea-header-22487\"> <div class=\"ea-body\"><p class=\"p1\">la\u00a0<b>Ultimate Patagonian Adventure<\/b>: una escapada compacta e intensa para experimentar r\u00edos salvajes, monta\u00f1as imponentes y la aut\u00e9ntica Patagonia en solo unos d\u00edas.<br \/><b>Gu\u00edas privados, log\u00edstica r\u00e1pida y recuerdos imborrables garantizados.<\/b><\/p><\/div><\/div><\/div><\/div><\/div>\n<\/div><\/div><\/div><\/div><\/div><\/div><\/div><\/section><!-- Row Backgrounds --><div class=\"upb_color\" data-bg-override=\"0\" data-bg-color=\"#ffffff\" data-fadeout=\"\" data-fadeout-percentage=\"30\" data-parallax-content=\"\" data-parallax-content-sense=\"30\" data-row-effect-mobile-disable=\"true\" data-img-parallax-mobile-disable=\"true\" data-rtl=\"false\"  data-custom-vc-row=\"\"  data-vc=\"8.6.1\"  data-is_old_vc=\"\"  data-theme-support=\"\"   data-overlay=\"false\" data-overlay-color=\"\" data-overlay-pattern=\"\" data-overlay-pattern-opacity=\"\" data-overlay-pattern-size=\"\"    ><\/div>\n","protected":false},"excerpt":{"rendered":"FAQsFAQsPreguntas Frecuentes \u00bfHAY TEMPORADA DE PESCA CON MOSCA EN LA PATAGONIA? S\u00ed, pero en\u00a0Patagonia Trout Outfitters nuestra temporada nunca se detien!.Si bien algunos r\u00edos espec\u00edficos pueden cerrarse temporalmente para proteger el desove de las truchas, nuestra ubicaci\u00f3n privilegiada y la variedad de ambientes que manejamos nos permiten operar\u00a0todo el a\u00f1o, ofreciendo pesca de primer nivel...","protected":false},"author":1,"featured_media":0,"parent":0,"menu_order":0,"comment_status":"closed","ping_status":"closed","template":"","meta":{"footnotes":""},"class_list":["post-2246","page","type-page","status-publish","hentry"],"yoast_head":"<!-- This site is optimized with the Yoast SEO plugin v27.4 - https:\/\/yoast.com\/product\/yoast-seo-wordpress\/ -->\n<title>FAQs - Patagonia Trout<\/title>\n<meta name=\"description\" content=\"Una familia Patag\u00f3nica: Natacha y Jer\u00f3nimo se conocieron en 2007, se casaron en 2013 y ahora tienen dos peque\u00f1as hijas, Naomi y Zoe. Desde el 2007 son due\u00f1os de Adrenalina Frames, empresa de fabricaci\u00f3n de frames de aluminio para balsas de pesca con mosca y rafting. Despu\u00e9s de muchos a\u00f1os de experiencia en el turismo crearon Patagonia Trout.\" \/>\n<meta name=\"robots\" content=\"index, follow, max-snippet:-1, max-image-preview:large, max-video-preview:-1\" \/>\n<link rel=\"canonical\" href=\"https:\/\/patagoniatroutoutfitters.com\/es\/faqs\/\" \/>\n<meta property=\"og:locale\" content=\"es_ES\" \/>\n<meta property=\"og:type\" content=\"article\" \/>\n<meta property=\"og:title\" content=\"FAQs - Patagonia Trout\" \/>\n<meta property=\"og:description\" content=\"Una familia Patag\u00f3nica: Natacha y Jer\u00f3nimo se conocieron en 2007, se casaron en 2013 y ahora tienen dos peque\u00f1as hijas, Naomi y Zoe. Desde el 2007 son due\u00f1os de Adrenalina Frames, empresa de fabricaci\u00f3n de frames de aluminio para balsas de pesca con mosca y rafting. Despu\u00e9s de muchos a\u00f1os de experiencia en el turismo crearon Patagonia Trout.\" \/>\n<meta property=\"og:url\" content=\"https:\/\/patagoniatroutoutfitters.com\/es\/faqs\/\" \/>\n<meta property=\"og:site_name\" content=\"Patagonia Trout\" \/>\n<meta property=\"article:modified_time\" content=\"2025-07-24T21:04:22+00:00\" \/>\n<meta name=\"twitter:card\" content=\"summary_large_image\" \/>\n<meta name=\"twitter:label1\" content=\"Tiempo de lectura\" \/>\n\t<meta name=\"twitter:data1\" content=\"1 minuto\" \/>\n<script type=\"application\/ld+json\" class=\"yoast-schema-graph\">{\"@context\":\"https:\\\/\\\/schema.org\",\"@graph\":[{\"@type\":\"WebPage\",\"@id\":\"https:\\\/\\\/patagoniatroutoutfitters.com\\\/es\\\/faqs\\\/\",\"url\":\"https:\\\/\\\/patagoniatroutoutfitters.com\\\/es\\\/faqs\\\/\",\"name\":\"FAQs - Patagonia Trout\",\"isPartOf\":{\"@id\":\"https:\\\/\\\/patagoniatroutoutfitters.com\\\/#website\"},\"datePublished\":\"2025-07-18T18:57:45+00:00\",\"dateModified\":\"2025-07-24T21:04:22+00:00\",\"description\":\"Una familia Patag\u00f3nica: Natacha y Jer\u00f3nimo se conocieron en 2007, se casaron en 2013 y ahora tienen dos peque\u00f1as hijas, Naomi y Zoe. Desde el 2007 son due\u00f1os de Adrenalina Frames, empresa de fabricaci\u00f3n de frames de aluminio para balsas de pesca con mosca y rafting. Despu\u00e9s de muchos a\u00f1os de experiencia en el turismo crearon Patagonia Trout.\",\"breadcrumb\":{\"@id\":\"https:\\\/\\\/patagoniatroutoutfitters.com\\\/es\\\/faqs\\\/#breadcrumb\"},\"inLanguage\":\"es\",\"potentialAction\":[{\"@type\":\"ReadAction\",\"target\":[\"https:\\\/\\\/patagoniatroutoutfitters.com\\\/es\\\/faqs\\\/\"]}]},{\"@type\":\"BreadcrumbList\",\"@id\":\"https:\\\/\\\/patagoniatroutoutfitters.com\\\/es\\\/faqs\\\/#breadcrumb\",\"itemListElement\":[{\"@type\":\"ListItem\",\"position\":1,\"name\":\"Home\",\"item\":\"https:\\\/\\\/patagoniatroutoutfitters.com\\\/es\\\/\"},{\"@type\":\"ListItem\",\"position\":2,\"name\":\"FAQs\"}]},{\"@type\":\"WebSite\",\"@id\":\"https:\\\/\\\/patagoniatroutoutfitters.com\\\/#website\",\"url\":\"https:\\\/\\\/patagoniatroutoutfitters.com\\\/\",\"name\":\"Patagonia Trout\",\"description\":\"\",\"potentialAction\":[{\"@type\":\"SearchAction\",\"target\":{\"@type\":\"EntryPoint\",\"urlTemplate\":\"https:\\\/\\\/patagoniatroutoutfitters.com\\\/?s={search_term_string}\"},\"query-input\":{\"@type\":\"PropertyValueSpecification\",\"valueRequired\":true,\"valueName\":\"search_term_string\"}}],\"inLanguage\":\"es\"}]}<\/script>\n<!-- \/ Yoast SEO plugin. -->","yoast_head_json":{"title":"FAQs - Patagonia Trout","description":"Una familia Patag\u00f3nica: Natacha y Jer\u00f3nimo se conocieron en 2007, se casaron en 2013 y ahora tienen dos peque\u00f1as hijas, Naomi y Zoe. Desde el 2007 son due\u00f1os de Adrenalina Frames, empresa de fabricaci\u00f3n de frames de aluminio para balsas de pesca con mosca y rafting. Despu\u00e9s de muchos a\u00f1os de experiencia en el turismo crearon Patagonia Trout.","robots":{"index":"index","follow":"follow","max-snippet":"max-snippet:-1","max-image-preview":"max-image-preview:large","max-video-preview":"max-video-preview:-1"},"canonical":"https:\/\/patagoniatroutoutfitters.com\/es\/faqs\/","og_locale":"es_ES","og_type":"article","og_title":"FAQs - Patagonia Trout","og_description":"Una familia Patag\u00f3nica: Natacha y Jer\u00f3nimo se conocieron en 2007, se casaron en 2013 y ahora tienen dos peque\u00f1as hijas, Naomi y Zoe. Desde el 2007 son due\u00f1os de Adrenalina Frames, empresa de fabricaci\u00f3n de frames de aluminio para balsas de pesca con mosca y rafting. Despu\u00e9s de muchos a\u00f1os de experiencia en el turismo crearon Patagonia Trout.","og_url":"https:\/\/patagoniatroutoutfitters.com\/es\/faqs\/","og_site_name":"Patagonia Trout","article_modified_time":"2025-07-24T21:04:22+00:00","twitter_card":"summary_large_image","twitter_misc":{"Tiempo de lectura":"1 minuto"},"schema":{"@context":"https:\/\/schema.org","@graph":[{"@type":"WebPage","@id":"https:\/\/patagoniatroutoutfitters.com\/es\/faqs\/","url":"https:\/\/patagoniatroutoutfitters.com\/es\/faqs\/","name":"FAQs - Patagonia Trout","isPartOf":{"@id":"https:\/\/patagoniatroutoutfitters.com\/#website"},"datePublished":"2025-07-18T18:57:45+00:00","dateModified":"2025-07-24T21:04:22+00:00","description":"Una familia Patag\u00f3nica: Natacha y Jer\u00f3nimo se conocieron en 2007, se casaron en 2013 y ahora tienen dos peque\u00f1as hijas, Naomi y Zoe. Desde el 2007 son due\u00f1os de Adrenalina Frames, empresa de fabricaci\u00f3n de frames de aluminio para balsas de pesca con mosca y rafting. Despu\u00e9s de muchos a\u00f1os de experiencia en el turismo crearon Patagonia Trout.","breadcrumb":{"@id":"https:\/\/patagoniatroutoutfitters.com\/es\/faqs\/#breadcrumb"},"inLanguage":"es","potentialAction":[{"@type":"ReadAction","target":["https:\/\/patagoniatroutoutfitters.com\/es\/faqs\/"]}]},{"@type":"BreadcrumbList","@id":"https:\/\/patagoniatroutoutfitters.com\/es\/faqs\/#breadcrumb","itemListElement":[{"@type":"ListItem","position":1,"name":"Home","item":"https:\/\/patagoniatroutoutfitters.com\/es\/"},{"@type":"ListItem","position":2,"name":"FAQs"}]},{"@type":"WebSite","@id":"https:\/\/patagoniatroutoutfitters.com\/#website","url":"https:\/\/patagoniatroutoutfitters.com\/","name":"Patagonia Trout","description":"","potentialAction":[{"@type":"SearchAction","target":{"@type":"EntryPoint","urlTemplate":"https:\/\/patagoniatroutoutfitters.com\/?s={search_term_string}"},"query-input":{"@type":"PropertyValueSpecification","valueRequired":true,"valueName":"search_term_string"}}],"inLanguage":"es"}]}},"_links":{"self":[{"href":"https:\/\/patagoniatroutoutfitters.com\/es\/wp-json\/wp\/v2\/pages\/2246","targetHints":{"allow":["GET"]}}],"collection":[{"href":"https:\/\/patagoniatroutoutfitters.com\/es\/wp-json\/wp\/v2\/pages"}],"about":[{"href":"https:\/\/patagoniatroutoutfitters.com\/es\/wp-json\/wp\/v2\/types\/page"}],"author":[{"embeddable":true,"href":"https:\/\/patagoniatroutoutfitters.com\/es\/wp-json\/wp\/v2\/users\/1"}],"replies":[{"embeddable":true,"href":"https:\/\/patagoniatroutoutfitters.com\/es\/wp-json\/wp\/v2\/comments?post=2246"}],"version-history":[{"count":11,"href":"https:\/\/patagoniatroutoutfitters.com\/es\/wp-json\/wp\/v2\/pages\/2246\/revisions"}],"predecessor-version":[{"id":2280,"href":"https:\/\/patagoniatroutoutfitters.com\/es\/wp-json\/wp\/v2\/pages\/2246\/revisions\/2280"}],"wp:attachment":[{"href":"https:\/\/patagoniatroutoutfitters.com\/es\/wp-json\/wp\/v2\/media?parent=2246"}],"curies":[{"name":"wp","href":"https:\/\/api.w.org\/{rel}","templated":true}]}}